{"id":30016,"date":"2022-12-13T13:36:58","date_gmt":"2022-12-13T12:36:58","guid":{"rendered":"https:\/\/twin.cargoline.de\/code-x\/?page_id=30016"},"modified":"2022-12-13T13:40:17","modified_gmt":"2022-12-13T12:40:17","slug":"unsere-zentrale-in-paderborn-2","status":"publish","type":"page","link":"https:\/\/twin.cargoline.de\/code-x\/unternehmen\/unsere-zentrale-in-paderborn-2\/","title":{"rendered":"Unsere Zentrale in Paderborn"},"content":{"rendered":"\n<div class=\"wp-block-columns is-layout-flex wp-container-core-columns-is-layout-78f2fc53 wp-block-columns-is-layout-flex\" style=\"padding-top:50px;padding-right:0px;padding-bottom:50px;padding-left:0px\">\n<div class=\"wp-block-column is-layout-flow wp-block-column-is-layout-flow\">\n<p><strong>Individuelle Transport- und Logistikl\u00f6sungen \u2013 national und international<\/strong><\/p>\n\n\n\n<p>In den Bereichen Transportlogistik und Kontraktlogistik sind wir Ihr kompetenter Ansprechpartner. Was uns dazu macht? Erfahrung, Mut zur Ver\u00e4nderung, Weitblick und unternehmerisches Denken.<\/p>\n\n\n\n<p>Seit \u00fcber 100 Jahren und bereits in der vierten Generation f\u00fchrt die Familie Schwarz das traditionsreiche, mittelst\u00e4ndische Unternehmen erfolgreich. Stetig erweitern wir unser Portfolio und passen es den Anforderungen unserer Kunden und des Marktes an. Auch deswegen sind wir seit Gr\u00fcndung der CargoLine im Jahr 1993 Gesellschaftsmitglied.<\/p>\n\n\n\n<p>Um Topleistungen und einen perfekten Service bieten zu k\u00f6nnen, investieren wir kontinuierlich in unseren Fuhr- und Maschinenpark sowie in unsere Mitarbeiter \u2013 seit vielen Generationen die Markenzeichen unseres Unternehmens.<\/p>\n\n\n\n<p>Sie haben Fragen oder w\u00fcnschen mehr Informationen? Rufen Sie uns an oder schreiben Sie uns eine E-Mail.<\/p>\n<\/div>\n\n\n\n<div class=\"wp-block-column is-layout-flow wp-block-column-is-layout-flow\">\n<div class=\"wp-block-columns is-layout-flex wp-container-core-columns-is-layout-5577b8b0 wp-block-columns-is-layout-flex\">\n<div class=\"wp-block-column is-layout-flow wp-container-core-column-is-layout-e38e6d2d wp-block-column-is-layout-flow\">\n<figure class=\"wp-block-image size-full has-custom-border animated fadeInDown delay-100ms\"><img loading=\"lazy\" decoding=\"async\" width=\"500\" height=\"341\" src=\"https:\/\/twin.cargoline.de\/code-x\/wp-content\/uploads\/sites\/40\/2022\/09\/image10.jpg\" alt=\"\" class=\"wp-image-29596\" style=\"border-radius:5px\" srcset=\"https:\/\/twin.cargoline.de\/code-x\/wp-content\/uploads\/sites\/40\/2022\/09\/image10.jpg 500w, https:\/\/twin.cargoline.de\/code-x\/wp-content\/uploads\/sites\/40\/2022\/09\/image10-300x205.jpg 300w\" sizes=\"auto, (max-width: 500px) 100vw, 500px\" \/><\/figure>\n\n\n\n<figure class=\"wp-block-image size-full has-custom-border animated fadeInDown delay-200ms\"><img loading=\"lazy\" decoding=\"async\" width=\"500\" height=\"341\" src=\"https:\/\/twin.cargoline.de\/code-x\/wp-content\/uploads\/sites\/40\/2022\/09\/image8.jpg\" alt=\"\" class=\"wp-image-29594\" style=\"border-radius:5px\" srcset=\"https:\/\/twin.cargoline.de\/code-x\/wp-content\/uploads\/sites\/40\/2022\/09\/image8.jpg 500w, https:\/\/twin.cargoline.de\/code-x\/wp-content\/uploads\/sites\/40\/2022\/09\/image8-300x205.jpg 300w\" sizes=\"auto, (max-width: 500px) 100vw, 500px\" \/><\/figure>\n\n\n\n<figure class=\"wp-block-image size-full has-custom-border animated fadeInDown delay-300ms\"><img loading=\"lazy\" decoding=\"async\" width=\"500\" height=\"341\" src=\"https:\/\/twin.cargoline.de\/code-x\/wp-content\/uploads\/sites\/40\/2022\/09\/image9.jpg\" alt=\"\" class=\"wp-image-29595\" style=\"border-radius:5px\" srcset=\"https:\/\/twin.cargoline.de\/code-x\/wp-content\/uploads\/sites\/40\/2022\/09\/image9.jpg 500w, https:\/\/twin.cargoline.de\/code-x\/wp-content\/uploads\/sites\/40\/2022\/09\/image9-300x205.jpg 300w\" sizes=\"auto, (max-width: 500px) 100vw, 500px\" \/><\/figure>\n<\/div>\n\n\n\n<div class=\"wp-block-column is-layout-flow wp-container-core-column-is-layout-e38e6d2d wp-block-column-is-layout-flow\">\n<div style=\"height:15px\" aria-hidden=\"true\" class=\"wp-block-spacer\"><\/div>\n\n\n\n<figure class=\"wp-block-image size-full has-custom-border animated fadeInUp delay-300ms\"><img loading=\"lazy\" decoding=\"async\" width=\"500\" height=\"338\" src=\"https:\/\/twin.cargoline.de\/code-x\/wp-content\/uploads\/sites\/40\/2022\/09\/infobox1.jpg\" alt=\"\" class=\"wp-image-29597\" style=\"border-radius:5px\" srcset=\"https:\/\/twin.cargoline.de\/code-x\/wp-content\/uploads\/sites\/40\/2022\/09\/infobox1.jpg 500w, https:\/\/twin.cargoline.de\/code-x\/wp-content\/uploads\/sites\/40\/2022\/09\/infobox1-300x203.jpg 300w\" sizes=\"auto, (max-width: 500px) 100vw, 500px\" \/><\/figure>\n\n\n\n<figure class=\"wp-block-image size-full has-custom-border animated fadeInUp delay-200ms\"><img loading=\"lazy\" decoding=\"async\" width=\"500\" height=\"341\" src=\"https:\/\/twin.cargoline.de\/code-x\/wp-content\/uploads\/sites\/40\/2022\/09\/image7.jpg\" alt=\"\" class=\"wp-image-29593\" style=\"border-radius:5px\" srcset=\"https:\/\/twin.cargoline.de\/code-x\/wp-content\/uploads\/sites\/40\/2022\/09\/image7.jpg 500w, https:\/\/twin.cargoline.de\/code-x\/wp-content\/uploads\/sites\/40\/2022\/09\/image7-300x205.jpg 300w\" sizes=\"auto, (max-width: 500px) 100vw, 500px\" \/><\/figure>\n\n\n\n<figure class=\"wp-block-image size-full has-custom-border animated fadeInUp delay-100ms\"><img loading=\"lazy\" decoding=\"async\" width=\"500\" height=\"340\" src=\"https:\/\/twin.cargoline.de\/code-x\/wp-content\/uploads\/sites\/40\/2022\/09\/infobox2.jpg\" alt=\"\" class=\"wp-image-29598\" style=\"border-radius:5px\" srcset=\"https:\/\/twin.cargoline.de\/code-x\/wp-content\/uploads\/sites\/40\/2022\/09\/infobox2.jpg 500w, https:\/\/twin.cargoline.de\/code-x\/wp-content\/uploads\/sites\/40\/2022\/09\/infobox2-300x204.jpg 300w\" sizes=\"auto, (max-width: 500px) 100vw, 500px\" \/><\/figure>\n<\/div>\n<\/div>\n<\/div>\n<\/div>\n\n\n\n<div class=\"wp-block-columns is-layout-flex wp-container-core-columns-is-layout-28f84493 wp-block-columns-is-layout-flex\">\n<div class=\"wp-block-column is-layout-flow wp-block-column-is-layout-flow\"><\/div>\n<\/div>\n\n\n\n<div class=\"wp-block-columns alignfull has-background is-layout-flex wp-container-core-columns-is-layout-28f84493 wp-block-columns-is-layout-flex\" style=\"background-color:#f8fbfe\">\n<div class=\"wp-block-column is-layout-flow wp-block-column-is-layout-flow\">\n<div class=\"wp-block-columns is-layout-flex wp-container-core-columns-is-layout-28f84493 wp-block-columns-is-layout-flex\">\n<div class=\"wp-block-column is-layout-constrained wp-block-column-is-layout-constrained\"><div class=\"cx_cargoline_contact_wrapper\"><div class=\"cx_cargoline_contact_item\">\n                 <div class=\"cx_cargoline_contact_media\">\n                    <img loading=\"lazy\" decoding=\"async\" width=\"400\" height=\"400\" src=\"https:\/\/twin.cargoline.de\/code-x\/wp-content\/uploads\/sites\/40\/2022\/09\/branko-canak-400x400.jpg\" class=\"attachment-square400 size-square400 wp-post-image\" alt=\"Branko \u010canak\" srcset=\"https:\/\/twin.cargoline.de\/code-x\/wp-content\/uploads\/sites\/40\/2022\/09\/branko-canak-400x400.jpg 400w, https:\/\/twin.cargoline.de\/code-x\/wp-content\/uploads\/sites\/40\/2022\/09\/branko-canak-300x300.jpg 300w, https:\/\/twin.cargoline.de\/code-x\/wp-content\/uploads\/sites\/40\/2022\/09\/branko-canak-150x150.jpg 150w, https:\/\/twin.cargoline.de\/code-x\/wp-content\/uploads\/sites\/40\/2022\/09\/branko-canak.jpg 500w\" sizes=\"auto, (max-width: 400px) 100vw, 400px\" \/>\n                    <img decoding=\"async\" class=\"cx_contact_logo\" src=\"https:\/\/twin.cargoline.de\/code-x\/wp-content\/uploads\/sites\/40\/2022\/11\/code-x-favicon.svg\">\n                 <\/div>\n                 <div class=\"cx_cargoline_contact_data\">\n                       <div class=\"cx_cargoline_contact_data_title\">Noch Fragen?<\/div>\n                       <div class=\"cx_cargoline_contact_data_desc\">Rufen Sie mich an oder schreiben Sie mir eine Mail. <br>Zusammen finden wir schnell und unkompliziert eine passende L\u00f6sung!<\/div>\n                       <div class=\"cx_cargoline_contact_data_contact\">\n                            <div class=\"cx_cargoline_contact_data_contact_title\">Branko \u010canak<\/div>\n                            <div class=\"cx_cargoline_contact_data_contact_func\">Beratung &#038; Vertrieb<\/div>\n                            <div class=\"cx_cargoline_contact_data_contact_tel\"><svg class=\"cargo-icon\" width=\"17px\" height=\"17px\" viewBox=\"0 0 17 17\" version=\"1.1\" xmlns=\"http:\/\/www.w3.org\/2000\/svg\" xmlns:xlink=\"http:\/\/www.w3.org\/1999\/xlink\">\n                                    <title>phone-alt<\/title>\n                                    <g id=\"Design-Phase-4\" stroke=\"none\" stroke-width=\"1\" fill=\"currentColor\" fill-rule=\"evenodd\">\n                                        <g id=\"CargoLine\" transform=\"translate(-1379.000000, -16.000000)\" fill=\"currentColor\" fill-rule=\"nonzero\">\n                                            <g id=\"phone-alt\" transform=\"translate(1379.000000, 16.000000)\">\n                                                <path d=\"M16.0783369,10.957093 L12.7052929,9.51111499 C12.0833516,9.24662353 11.3614953,9.42374231 10.9326104,9.9460705 L9.84688796,11.2741789 C8.10521038,10.3249146 6.67370772,8.89421059 5.72346702,7.15305849 L7.05156781,6.06732986 C7.57386137,5.63798818 7.75093423,4.91590524 7.48652082,4.29364106 L6.04287526,0.922901884 C5.7552449,0.245753914 5.02271955,-0.126882512 4.30605144,0.0393777563 L1.1787061,0.760208602 C0.487487769,0.917076425 -0.00232357802,1.53258656 8.29049895e-06,2.24138152 C8.29049895e-06,10.417881 6.62989581,17.0033066 14.7605289,17 C15.4692142,17.0021049 16.0844617,16.5121393 16.2410292,15.8209581 L16.9615239,12.6925987 C17.1254048,11.9766553 16.7535823,11.2460059 16.0783369,10.957093 Z M14.6974441,15.4092445 C7.47323981,15.3760418 1.62694011,9.52937648 1.59373759,2.3011464 L4.60487412,1.60720975 L6.00236818,4.86837998 L3.74160861,6.71810298 C5.2818735,10.0051713 7.00176403,11.7194273 10.282505,13.259037 L12.1315534,10.9976003 L15.3917088,12.3957665 L14.6974441,15.4092445 Z\" id=\"Shape\"><\/path>\n                                            <\/g>\n                                        <\/g>\n                                    <\/g>\n                                <\/svg> <a href=\"tel:05251 68112-19\">05251 68112-19<\/a><\/div>\n                            <div class=\"cx_cargoline_contact_data_contact_mail\"><svg class=\"cargo-icon\" width=\"19px\" height=\"14px\" viewBox=\"0 0 19 14\" version=\"1.1\" xmlns=\"http:\/\/www.w3.org\/2000\/svg\" xmlns:xlink=\"http:\/\/www.w3.org\/1999\/xlink\">\n                                    <title>Envelope<\/title>\n                                    <g id=\"Design-Phase-4\" stroke=\"none\" stroke-width=\"1\" fill=\"currentColor\" fill-rule=\"evenodd\">\n                                        <g id=\"CargoLine\" transform=\"translate(-1194.000000, -17.000000)\" fill=\"currentColor\" fill-rule=\"nonzero\">\n                                            <path d=\"M1211.21875,17 L1195.78125,17 C1194.79748,17 1194,17.7834896 1194,18.75 L1194,29.25 C1194,30.2165104 1194.79748,31 1195.78125,31 L1211.21875,31 C1212.20252,31 1213,30.2165104 1213,29.25 L1213,18.75 C1213,17.7834896 1212.20252,17 1211.21875,17 Z M1211.21875,18.75 L1211.21875,20.2376823 C1210.38668,20.903375 1209.06017,21.9385 1206.22431,24.1201302 C1205.59935,24.6030937 1204.36138,25.7633802 1203.5,25.7498542 C1202.63877,25.763526 1201.40039,24.6029115 1200.77569,24.1201302 C1197.94027,21.9388281 1196.61343,20.9034844 1195.78125,20.2376823 L1195.78125,18.75 L1211.21875,18.75 Z M1195.78125,29.25 L1195.78125,22.4832604 C1196.63157,23.1486615 1197.83744,24.0823958 1199.67543,25.4963958 C1200.48653,26.1236615 1201.90697,27.5083854 1203.5,27.4999635 C1205.0852,27.5083854 1206.48764,26.14375 1207.32423,25.4966875 C1209.16219,24.082724 1210.36839,23.1487344 1211.21875,22.4832604 L1211.21875,29.25 L1195.78125,29.25 Z\" id=\"Shape\"><\/path>\n                                        <\/g>\n                                    <\/g>\n                                <\/svg> <a href=\"mailto:branko.canak@code-x.de\">branko.canak@code-x.de<\/a><\/div>\n                       <\/div>\n                 <\/div>\n             <\/div><\/div><\/div>\n<\/div>\n<\/div>\n<\/div>\n","protected":false},"excerpt":{"rendered":"<p>Individuelle Transport- und Logistikl\u00f6sungen \u2013 national und international In den Bereichen Transportlogistik und Kontraktlogistik sind wir Ihr kompetenter Ansprechpartner. Was uns dazu macht? Erfahrung, Mut zur Ver\u00e4nderung, Weitblick und unternehmerisches [&hellip;]<\/p>\n","protected":false},"author":1,"featured_media":0,"parent":49,"menu_order":0,"comment_status":"closed","ping_status":"closed","template":"","meta":{"site-sidebar-layout":"default","site-content-layout":"","ast-site-content-layout":"default","site-content-style":"default","site-sidebar-style":"default","ast-global-header-display":"","ast-banner-title-visibility":"","ast-main-header-display":"","ast-hfb-above-header-display":"","ast-hfb-below-header-display":"","ast-hfb-mobile-header-display":"","site-post-title":"disabled","ast-breadcrumbs-content":"","ast-featured-img":"","footer-sml-layout":"","ast-disable-related-posts":"","theme-transparent-header-meta":"","adv-header-id-meta":"","stick-header-meta":"","header-above-stick-meta":"","header-main-stick-meta":"","header-below-stick-meta":"","astra-migrate-meta-layouts":"default","ast-page-background-enabled":"default","ast-page-background-meta":{"desktop":{"background-color":"var(--ast-global-color-4)","background-image":"","background-repeat":"repeat","background-position":"center center","background-size":"auto","background-attachment":"scroll","background-type":"","background-media":"","overlay-type":"","overlay-color":"","overlay-opacity":"","overlay-gradient":""},"tablet":{"background-color":"","background-image":"","background-repeat":"repeat","background-position":"center center","background-size":"auto","background-attachment":"scroll","background-type":"","background-media":"","overlay-type":"","overlay-color":"","overlay-opacity":"","overlay-gradient":""},"mobile":{"background-color":"","background-image":"","background-repeat":"repeat","background-position":"center center","background-size":"auto","background-attachment":"scroll","background-type":"","background-media":"","overlay-type":"","overlay-color":"","overlay-opacity":"","overlay-gradient":""}},"ast-content-background-meta":{"desktop":{"background-color":"var(--ast-global-color-5)","background-image":"","background-repeat":"repeat","background-position":"center center","background-size":"auto","background-attachment":"scroll","background-type":"","background-media":"","overlay-type":"","overlay-color":"","overlay-opacity":"","overlay-gradient":""},"tablet":{"background-color":"var(--ast-global-color-5)","background-image":"","background-repeat":"repeat","background-position":"center center","background-size":"auto","background-attachment":"scroll","background-type":"","background-media":"","overlay-type":"","overlay-color":"","overlay-opacity":"","overlay-gradient":""},"mobile":{"background-color":"var(--ast-global-color-5)","background-image":"","background-repeat":"repeat","background-position":"center center","background-size":"auto","background-attachment":"scroll","background-type":"","background-media":"","overlay-type":"","overlay-color":"","overlay-opacity":"","overlay-gradient":""}},"footnotes":""},"class_list":["post-30016","page","type-page","status-publish","hentry"],"yoast_head":"<!-- This site is optimized with the Yoast SEO plugin v27.3 - https:\/\/yoast.com\/product\/yoast-seo-wordpress\/ -->\n<title>Unsere Zentrale in Paderborn - code-x GmbH<\/title>\n<meta name=\"robots\" content=\"noindex, follow, max-snippet:-1, max-image-preview:large, max-video-preview:-1\" \/>\n<meta property=\"og:locale\" content=\"de_DE\" \/>\n<meta property=\"og:type\" content=\"article\" \/>\n<meta property=\"og:title\" content=\"Unsere Zentrale in Paderborn - code-x GmbH\" \/>\n<meta property=\"og:description\" content=\"Individuelle Transport- und Logistikl\u00f6sungen \u2013 national und international In den Bereichen Transportlogistik und Kontraktlogistik sind wir Ihr kompetenter Ansprechpartner. Was uns dazu macht? Erfahrung, Mut zur Ver\u00e4nderung, Weitblick und unternehmerisches [&hellip;]\" \/>\n<meta property=\"og:url\" content=\"https:\/\/twin.cargoline.de\/code-x\/unternehmen\/unsere-zentrale-in-paderborn-2\/\" \/>\n<meta property=\"og:site_name\" content=\"code-x GmbH\" \/>\n<meta property=\"article:modified_time\" content=\"2022-12-13T12:40:17+00:00\" \/>\n<meta property=\"og:image\" content=\"https:\/\/twin.cargoline.de\/code-x\/wp-content\/uploads\/sites\/40\/2022\/09\/image10.jpg\" \/>\n<meta name=\"twitter:card\" content=\"summary_large_image\" \/>\n<meta name=\"twitter:label1\" content=\"Gesch\u00e4tzte Lesezeit\" \/>\n\t<meta name=\"twitter:data1\" content=\"2\u00a0Minuten\" \/>\n<script type=\"application\/ld+json\" class=\"yoast-schema-graph\">{\"@context\":\"https:\\\/\\\/schema.org\",\"@graph\":[{\"@type\":\"WebPage\",\"@id\":\"https:\\\/\\\/twin.cargoline.de\\\/code-x\\\/unternehmen\\\/unsere-zentrale-in-paderborn-2\\\/\",\"url\":\"https:\\\/\\\/twin.cargoline.de\\\/code-x\\\/unternehmen\\\/unsere-zentrale-in-paderborn-2\\\/\",\"name\":\"Unsere Zentrale in Paderborn - code-x GmbH\",\"isPartOf\":{\"@id\":\"https:\\\/\\\/twin.cargoline.de\\\/code-x\\\/#website\"},\"primaryImageOfPage\":{\"@id\":\"https:\\\/\\\/twin.cargoline.de\\\/code-x\\\/unternehmen\\\/unsere-zentrale-in-paderborn-2\\\/#primaryimage\"},\"image\":{\"@id\":\"https:\\\/\\\/twin.cargoline.de\\\/code-x\\\/unternehmen\\\/unsere-zentrale-in-paderborn-2\\\/#primaryimage\"},\"thumbnailUrl\":\"https:\\\/\\\/twin.cargoline.de\\\/code-x\\\/wp-content\\\/uploads\\\/sites\\\/40\\\/2022\\\/09\\\/image10.jpg\",\"datePublished\":\"2022-12-13T12:36:58+00:00\",\"dateModified\":\"2022-12-13T12:40:17+00:00\",\"breadcrumb\":{\"@id\":\"https:\\\/\\\/twin.cargoline.de\\\/code-x\\\/unternehmen\\\/unsere-zentrale-in-paderborn-2\\\/#breadcrumb\"},\"inLanguage\":\"de\",\"potentialAction\":[{\"@type\":\"ReadAction\",\"target\":[\"https:\\\/\\\/twin.cargoline.de\\\/code-x\\\/unternehmen\\\/unsere-zentrale-in-paderborn-2\\\/\"]}]},{\"@type\":\"ImageObject\",\"inLanguage\":\"de\",\"@id\":\"https:\\\/\\\/twin.cargoline.de\\\/code-x\\\/unternehmen\\\/unsere-zentrale-in-paderborn-2\\\/#primaryimage\",\"url\":\"https:\\\/\\\/twin.cargoline.de\\\/code-x\\\/wp-content\\\/uploads\\\/sites\\\/40\\\/2022\\\/09\\\/image10.jpg\",\"contentUrl\":\"https:\\\/\\\/twin.cargoline.de\\\/code-x\\\/wp-content\\\/uploads\\\/sites\\\/40\\\/2022\\\/09\\\/image10.jpg\",\"width\":500,\"height\":341},{\"@type\":\"BreadcrumbList\",\"@id\":\"https:\\\/\\\/twin.cargoline.de\\\/code-x\\\/unternehmen\\\/unsere-zentrale-in-paderborn-2\\\/#breadcrumb\",\"itemListElement\":[{\"@type\":\"ListItem\",\"position\":1,\"name\":\"Startseite\",\"item\":\"https:\\\/\\\/twin.cargoline.de\\\/code-x\\\/\"},{\"@type\":\"ListItem\",\"position\":2,\"name\":\"Unternehmen\",\"item\":\"https:\\\/\\\/twin.cargoline.de\\\/code-x\\\/unternehmen\\\/\"},{\"@type\":\"ListItem\",\"position\":3,\"name\":\"Unsere Zentrale in Paderborn\"}]},{\"@type\":\"WebSite\",\"@id\":\"https:\\\/\\\/twin.cargoline.de\\\/code-x\\\/#website\",\"url\":\"https:\\\/\\\/twin.cargoline.de\\\/code-x\\\/\",\"name\":\"code-x GmbH\",\"description\":\"code-x - Internet &amp; Marketing\",\"publisher\":{\"@id\":\"https:\\\/\\\/twin.cargoline.de\\\/code-x\\\/#organization\"},\"potentialAction\":[{\"@type\":\"SearchAction\",\"target\":{\"@type\":\"EntryPoint\",\"urlTemplate\":\"https:\\\/\\\/twin.cargoline.de\\\/code-x\\\/?s={search_term_string}\"},\"query-input\":{\"@type\":\"PropertyValueSpecification\",\"valueRequired\":true,\"valueName\":\"search_term_string\"}}],\"inLanguage\":\"de\"},{\"@type\":\"Organization\",\"@id\":\"https:\\\/\\\/twin.cargoline.de\\\/code-x\\\/#organization\",\"name\":\"code-x GmbH\",\"url\":\"https:\\\/\\\/twin.cargoline.de\\\/code-x\\\/\",\"logo\":{\"@type\":\"ImageObject\",\"inLanguage\":\"de\",\"@id\":\"https:\\\/\\\/twin.cargoline.de\\\/code-x\\\/#\\\/schema\\\/logo\\\/image\\\/\",\"url\":\"https:\\\/\\\/twin.cargoline.de\\\/code-x\\\/wp-content\\\/uploads\\\/sites\\\/40\\\/2022\\\/11\\\/53C4D66F-D979-4500-B4B1-CD82C179C86F.png\",\"contentUrl\":\"https:\\\/\\\/twin.cargoline.de\\\/code-x\\\/wp-content\\\/uploads\\\/sites\\\/40\\\/2022\\\/11\\\/53C4D66F-D979-4500-B4B1-CD82C179C86F.png\",\"width\":1388,\"height\":474,\"caption\":\"code-x GmbH\"},\"image\":{\"@id\":\"https:\\\/\\\/twin.cargoline.de\\\/code-x\\\/#\\\/schema\\\/logo\\\/image\\\/\"}}]}<\/script>\n<!-- \/ Yoast SEO plugin. -->","yoast_head_json":{"title":"Unsere Zentrale in Paderborn - code-x GmbH","robots":{"index":"noindex","follow":"follow","max-snippet":"max-snippet:-1","max-image-preview":"max-image-preview:large","max-video-preview":"max-video-preview:-1"},"og_locale":"de_DE","og_type":"article","og_title":"Unsere Zentrale in Paderborn - code-x GmbH","og_description":"Individuelle Transport- und Logistikl\u00f6sungen \u2013 national und international In den Bereichen Transportlogistik und Kontraktlogistik sind wir Ihr kompetenter Ansprechpartner. Was uns dazu macht? Erfahrung, Mut zur Ver\u00e4nderung, Weitblick und unternehmerisches [&hellip;]","og_url":"https:\/\/twin.cargoline.de\/code-x\/unternehmen\/unsere-zentrale-in-paderborn-2\/","og_site_name":"code-x GmbH","article_modified_time":"2022-12-13T12:40:17+00:00","og_image":[{"url":"https:\/\/twin.cargoline.de\/code-x\/wp-content\/uploads\/sites\/40\/2022\/09\/image10.jpg","type":"","width":"","height":""}],"twitter_card":"summary_large_image","twitter_misc":{"Gesch\u00e4tzte Lesezeit":"2\u00a0Minuten"},"schema":{"@context":"https:\/\/schema.org","@graph":[{"@type":"WebPage","@id":"https:\/\/twin.cargoline.de\/code-x\/unternehmen\/unsere-zentrale-in-paderborn-2\/","url":"https:\/\/twin.cargoline.de\/code-x\/unternehmen\/unsere-zentrale-in-paderborn-2\/","name":"Unsere Zentrale in Paderborn - code-x GmbH","isPartOf":{"@id":"https:\/\/twin.cargoline.de\/code-x\/#website"},"primaryImageOfPage":{"@id":"https:\/\/twin.cargoline.de\/code-x\/unternehmen\/unsere-zentrale-in-paderborn-2\/#primaryimage"},"image":{"@id":"https:\/\/twin.cargoline.de\/code-x\/unternehmen\/unsere-zentrale-in-paderborn-2\/#primaryimage"},"thumbnailUrl":"https:\/\/twin.cargoline.de\/code-x\/wp-content\/uploads\/sites\/40\/2022\/09\/image10.jpg","datePublished":"2022-12-13T12:36:58+00:00","dateModified":"2022-12-13T12:40:17+00:00","breadcrumb":{"@id":"https:\/\/twin.cargoline.de\/code-x\/unternehmen\/unsere-zentrale-in-paderborn-2\/#breadcrumb"},"inLanguage":"de","potentialAction":[{"@type":"ReadAction","target":["https:\/\/twin.cargoline.de\/code-x\/unternehmen\/unsere-zentrale-in-paderborn-2\/"]}]},{"@type":"ImageObject","inLanguage":"de","@id":"https:\/\/twin.cargoline.de\/code-x\/unternehmen\/unsere-zentrale-in-paderborn-2\/#primaryimage","url":"https:\/\/twin.cargoline.de\/code-x\/wp-content\/uploads\/sites\/40\/2022\/09\/image10.jpg","contentUrl":"https:\/\/twin.cargoline.de\/code-x\/wp-content\/uploads\/sites\/40\/2022\/09\/image10.jpg","width":500,"height":341},{"@type":"BreadcrumbList","@id":"https:\/\/twin.cargoline.de\/code-x\/unternehmen\/unsere-zentrale-in-paderborn-2\/#breadcrumb","itemListElement":[{"@type":"ListItem","position":1,"name":"Startseite","item":"https:\/\/twin.cargoline.de\/code-x\/"},{"@type":"ListItem","position":2,"name":"Unternehmen","item":"https:\/\/twin.cargoline.de\/code-x\/unternehmen\/"},{"@type":"ListItem","position":3,"name":"Unsere Zentrale in Paderborn"}]},{"@type":"WebSite","@id":"https:\/\/twin.cargoline.de\/code-x\/#website","url":"https:\/\/twin.cargoline.de\/code-x\/","name":"code-x GmbH","description":"code-x - Internet &amp; Marketing","publisher":{"@id":"https:\/\/twin.cargoline.de\/code-x\/#organization"},"potentialAction":[{"@type":"SearchAction","target":{"@type":"EntryPoint","urlTemplate":"https:\/\/twin.cargoline.de\/code-x\/?s={search_term_string}"},"query-input":{"@type":"PropertyValueSpecification","valueRequired":true,"valueName":"search_term_string"}}],"inLanguage":"de"},{"@type":"Organization","@id":"https:\/\/twin.cargoline.de\/code-x\/#organization","name":"code-x GmbH","url":"https:\/\/twin.cargoline.de\/code-x\/","logo":{"@type":"ImageObject","inLanguage":"de","@id":"https:\/\/twin.cargoline.de\/code-x\/#\/schema\/logo\/image\/","url":"https:\/\/twin.cargoline.de\/code-x\/wp-content\/uploads\/sites\/40\/2022\/11\/53C4D66F-D979-4500-B4B1-CD82C179C86F.png","contentUrl":"https:\/\/twin.cargoline.de\/code-x\/wp-content\/uploads\/sites\/40\/2022\/11\/53C4D66F-D979-4500-B4B1-CD82C179C86F.png","width":1388,"height":474,"caption":"code-x GmbH"},"image":{"@id":"https:\/\/twin.cargoline.de\/code-x\/#\/schema\/logo\/image\/"}}]}},"_links":{"self":[{"href":"https:\/\/twin.cargoline.de\/code-x\/wp-json\/wp\/v2\/pages\/30016","targetHints":{"allow":["GET"]}}],"collection":[{"href":"https:\/\/twin.cargoline.de\/code-x\/wp-json\/wp\/v2\/pages"}],"about":[{"href":"https:\/\/twin.cargoline.de\/code-x\/wp-json\/wp\/v2\/types\/page"}],"author":[{"embeddable":true,"href":"https:\/\/twin.cargoline.de\/code-x\/wp-json\/wp\/v2\/users\/1"}],"replies":[{"embeddable":true,"href":"https:\/\/twin.cargoline.de\/code-x\/wp-json\/wp\/v2\/comments?post=30016"}],"version-history":[{"count":4,"href":"https:\/\/twin.cargoline.de\/code-x\/wp-json\/wp\/v2\/pages\/30016\/revisions"}],"predecessor-version":[{"id":30020,"href":"https:\/\/twin.cargoline.de\/code-x\/wp-json\/wp\/v2\/pages\/30016\/revisions\/30020"}],"up":[{"embeddable":true,"href":"https:\/\/twin.cargoline.de\/code-x\/wp-json\/wp\/v2\/pages\/49"}],"wp:attachment":[{"href":"https:\/\/twin.cargoline.de\/code-x\/wp-json\/wp\/v2\/media?parent=30016"}],"curies":[{"name":"wp","href":"https:\/\/api.w.org\/{rel}","templated":true}]}}