{"id":29787,"date":"2022-11-23T11:59:10","date_gmt":"2022-11-23T10:59:10","guid":{"rendered":"https:\/\/twin.cargoline.de\/code-x\/?page_id=29787"},"modified":"2023-02-02T11:40:33","modified_gmt":"2023-02-02T10:40:33","slug":"2-4-cpt-leistungen","status":"publish","type":"page","link":"https:\/\/twin.cargoline.de\/code-x\/tutorial\/2-4-cpt-leistungen\/","title":{"rendered":"2.4. CPT \u201eLeistungen\u201c"},"content":{"rendered":"\n<figure class=\"wp-block-video\"><video height=\"720\" style=\"aspect-ratio: 1280 \/ 720;\" width=\"1280\" controls src=\"https:\/\/twin.cargoline.de\/code-x\/wp-content\/uploads\/sites\/40\/2023\/02\/CargoLineVideoHandbuch_2-4_CPT-Leistungen.mp4\"><\/video><\/figure>\n\n\n\n<h2 class=\"wp-block-heading\" style=\"font-size:30px\"><strong>Videobeschreibung<\/strong><\/h2>\n\n\n\n<p>Wir haben speziell f\u00fcr Sie den Custom Post Type &#8222;Leistungen&#8220; entwickelt. In diesem Video zeigen wir Ihnen, wie Sie Leistungen einf\u00fcgen, der Reihenfolge nach sortieren und an weiteren Stellen Ihrer Website positionieren.<\/p>\n\n\n\n<div class=\"wp-block-columns is-layout-flex wp-container-core-columns-is-layout-78f2fc53 wp-block-columns-is-layout-flex\" style=\"padding-top:50px;padding-right:0px;padding-bottom:50px;padding-left:0px\">\n<div class=\"wp-block-column is-layout-flow wp-block-column-is-layout-flow\">\n<p class=\"has-ast-global-color-8-color has-text-color\"><strong><strong><strong><strong><strong><strong><strong>2.4.1 Leistungen eingeben<\/strong><\/strong><\/strong><\/strong><\/strong><\/strong><\/strong><\/p>\n\n\n\n<p>Analog zu dem Custom Post Type &#8222;Stellenangebote&#8220; <strong>haben wir f\u00fcr Sie das Custom Post Type &#8222;Leistungen&#8220; entwickelt<\/strong>. \u00c4hnlich wie ein Blogbeitrag erstellen Sie auch Ihre Leistungen. Im Back-End Men\u00fc unter dem Punkt &#8222;Stellenangebote&#8220; finden Sie den Punkt &#8222;Leistungen&#8220;. Es \u00f6ffnet sich ein Editor indem Sie eine neue Leistung erstellen. Auch hier k\u00f6nnen Sie mit Aufz\u00e4hlungen, FETT- oder Kursiv-Schrift, etc. Ihre Leistungen strukturieren. Ebenfalls wie in einem Blogbeitrag oder einem Stellenangebot k\u00f6nnen Sie ein illustrierendes Bild hinzuf\u00fcgen.<\/p>\n<\/div>\n\n\n\n<div class=\"wp-block-column is-layout-flow wp-block-column-is-layout-flow\">\n<p class=\"has-ast-global-color-8-color has-text-color\"><strong><strong><strong><strong><strong><strong><strong>2.4.2. Reihenfolge sortieren<\/strong><\/strong><\/strong><\/strong><\/strong><\/strong><\/strong><\/p>\n\n\n\n<p>Neue Leistungen werden zun\u00e4chst immer an erster Stelle angezeigt. Denkbar und m\u00f6glich ist jedoch, die Reihenfolge nach Ihren W\u00fcnschen zu organisieren. \u00d6ffnen Sie dazu die entsprechende Leistung im Back-End. Auf der rechten Seite sehen Sie in der Mitte den Punkt &#8222;Seiten-Attribute&#8220;. Hier k\u00f6nnen Sie die Reihenfolge der jeweiligen Leistung festlegen. Inunserem Beispiel sind dort Werte in 100er-Schritten angelegt:<\/p>\n\n\n\n<ul class=\"wp-block-list\">\n<li>die 1. Stelle = 100<\/li>\n\n\n\n<li>die 3. Stelle = 300<\/li>\n\n\n\n<li>die 5. Stelle = 500<\/li>\n\n\n\n<li>&#8230;<\/li>\n<\/ul>\n<\/div>\n\n\n\n<div class=\"wp-block-column is-layout-flow wp-block-column-is-layout-flow\">\n<p class=\"has-ast-global-color-8-color has-text-color\"><strong><strong><strong><strong><strong><strong><strong>2.4.3. Ausgabe via Widget<\/strong><\/strong><\/strong><\/strong><\/strong><\/strong><\/strong><\/p>\n\n\n\n<p>Die Leistungen erscheinen in unserer Demo-Website zum Beispiel mittig auf der Startseite, nebeneinander und \u00fcber einen Scroll-Balken weiterzuklicken. Alternativ k\u00f6nnen Sie Ihre Leistungen an weiteren Stellen Ihrer Website, z.B. rechts neben einem Blogbeitrag einbinden. Dies funktioniert im Prinzip genauso wie bei den Stellenangeboten \u00fcber das Widget &#8222;Leistungen&#8220;. In dem Widget w\u00e4hlen Sie aus, wie viele Leistungen in der Sidebar neben dem Beitrag angezeigt werden sollen. Prinzipiell k\u00f6nnen Sie mehrere Leistungen gleichzeitig einblenden, <strong>optisch ist es sinnvoller nur eine Leistung einzublenden<\/strong>. Weitere kann man durch klicken ansehen.<\/p>\n<\/div>\n<\/div>\n\n\n\n<div class=\"wp-block-columns alignfull has-background is-layout-flex wp-container-core-columns-is-layout-28f84493 wp-block-columns-is-layout-flex\" style=\"background-color:#f8fbfe\">\n<div class=\"wp-block-column is-layout-flow wp-block-column-is-layout-flow\">\n<div class=\"wp-block-columns is-layout-flex wp-container-core-columns-is-layout-28f84493 wp-block-columns-is-layout-flex\">\n<div class=\"wp-block-column is-layout-constrained wp-block-column-is-layout-constrained\"><div class=\"cx_cargoline_contact_wrapper\"><div class=\"cx_cargoline_contact_item\">\n                 <div class=\"cx_cargoline_contact_media\">\n                    <img loading=\"lazy\" decoding=\"async\" width=\"400\" height=\"400\" src=\"https:\/\/twin.cargoline.de\/code-x\/wp-content\/uploads\/sites\/40\/2022\/09\/branko-canak-400x400.jpg\" class=\"attachment-square400 size-square400 wp-post-image\" alt=\"Branko \u010canak\" srcset=\"https:\/\/twin.cargoline.de\/code-x\/wp-content\/uploads\/sites\/40\/2022\/09\/branko-canak-400x400.jpg 400w, https:\/\/twin.cargoline.de\/code-x\/wp-content\/uploads\/sites\/40\/2022\/09\/branko-canak-300x300.jpg 300w, https:\/\/twin.cargoline.de\/code-x\/wp-content\/uploads\/sites\/40\/2022\/09\/branko-canak-150x150.jpg 150w, https:\/\/twin.cargoline.de\/code-x\/wp-content\/uploads\/sites\/40\/2022\/09\/branko-canak.jpg 500w\" sizes=\"auto, (max-width: 400px) 100vw, 400px\" \/>\n                    <img decoding=\"async\" class=\"cx_contact_logo\" src=\"https:\/\/twin.cargoline.de\/code-x\/wp-content\/uploads\/sites\/40\/2022\/11\/code-x-favicon.svg\">\n                 <\/div>\n                 <div class=\"cx_cargoline_contact_data\">\n                       <div class=\"cx_cargoline_contact_data_title\">Noch Fragen?<\/div>\n                       <div class=\"cx_cargoline_contact_data_desc\">Rufen Sie mich an oder schreiben Sie mir eine Mail. <br>Zusammen finden wir schnell und unkompliziert eine passende L\u00f6sung!<\/div>\n                       <div class=\"cx_cargoline_contact_data_contact\">\n                            <div class=\"cx_cargoline_contact_data_contact_title\">Branko \u010canak<\/div>\n                            <div class=\"cx_cargoline_contact_data_contact_func\">Beratung &#038; Vertrieb<\/div>\n                            <div class=\"cx_cargoline_contact_data_contact_tel\"><svg class=\"cargo-icon\" width=\"17px\" height=\"17px\" viewBox=\"0 0 17 17\" version=\"1.1\" xmlns=\"http:\/\/www.w3.org\/2000\/svg\" xmlns:xlink=\"http:\/\/www.w3.org\/1999\/xlink\">\n                                    <title>phone-alt<\/title>\n                                    <g id=\"Design-Phase-4\" stroke=\"none\" stroke-width=\"1\" fill=\"currentColor\" fill-rule=\"evenodd\">\n                                        <g id=\"CargoLine\" transform=\"translate(-1379.000000, -16.000000)\" fill=\"currentColor\" fill-rule=\"nonzero\">\n                                            <g id=\"phone-alt\" transform=\"translate(1379.000000, 16.000000)\">\n                                                <path d=\"M16.0783369,10.957093 L12.7052929,9.51111499 C12.0833516,9.24662353 11.3614953,9.42374231 10.9326104,9.9460705 L9.84688796,11.2741789 C8.10521038,10.3249146 6.67370772,8.89421059 5.72346702,7.15305849 L7.05156781,6.06732986 C7.57386137,5.63798818 7.75093423,4.91590524 7.48652082,4.29364106 L6.04287526,0.922901884 C5.7552449,0.245753914 5.02271955,-0.126882512 4.30605144,0.0393777563 L1.1787061,0.760208602 C0.487487769,0.917076425 -0.00232357802,1.53258656 8.29049895e-06,2.24138152 C8.29049895e-06,10.417881 6.62989581,17.0033066 14.7605289,17 C15.4692142,17.0021049 16.0844617,16.5121393 16.2410292,15.8209581 L16.9615239,12.6925987 C17.1254048,11.9766553 16.7535823,11.2460059 16.0783369,10.957093 Z M14.6974441,15.4092445 C7.47323981,15.3760418 1.62694011,9.52937648 1.59373759,2.3011464 L4.60487412,1.60720975 L6.00236818,4.86837998 L3.74160861,6.71810298 C5.2818735,10.0051713 7.00176403,11.7194273 10.282505,13.259037 L12.1315534,10.9976003 L15.3917088,12.3957665 L14.6974441,15.4092445 Z\" id=\"Shape\"><\/path>\n                                            <\/g>\n                                        <\/g>\n                                    <\/g>\n                                <\/svg> <a href=\"tel:05251 68112-19\">05251 68112-19<\/a><\/div>\n                            <div class=\"cx_cargoline_contact_data_contact_mail\"><svg class=\"cargo-icon\" width=\"19px\" height=\"14px\" viewBox=\"0 0 19 14\" version=\"1.1\" xmlns=\"http:\/\/www.w3.org\/2000\/svg\" xmlns:xlink=\"http:\/\/www.w3.org\/1999\/xlink\">\n                                    <title>Envelope<\/title>\n                                    <g id=\"Design-Phase-4\" stroke=\"none\" stroke-width=\"1\" fill=\"currentColor\" fill-rule=\"evenodd\">\n                                        <g id=\"CargoLine\" transform=\"translate(-1194.000000, -17.000000)\" fill=\"currentColor\" fill-rule=\"nonzero\">\n                                            <path d=\"M1211.21875,17 L1195.78125,17 C1194.79748,17 1194,17.7834896 1194,18.75 L1194,29.25 C1194,30.2165104 1194.79748,31 1195.78125,31 L1211.21875,31 C1212.20252,31 1213,30.2165104 1213,29.25 L1213,18.75 C1213,17.7834896 1212.20252,17 1211.21875,17 Z M1211.21875,18.75 L1211.21875,20.2376823 C1210.38668,20.903375 1209.06017,21.9385 1206.22431,24.1201302 C1205.59935,24.6030937 1204.36138,25.7633802 1203.5,25.7498542 C1202.63877,25.763526 1201.40039,24.6029115 1200.77569,24.1201302 C1197.94027,21.9388281 1196.61343,20.9034844 1195.78125,20.2376823 L1195.78125,18.75 L1211.21875,18.75 Z M1195.78125,29.25 L1195.78125,22.4832604 C1196.63157,23.1486615 1197.83744,24.0823958 1199.67543,25.4963958 C1200.48653,26.1236615 1201.90697,27.5083854 1203.5,27.4999635 C1205.0852,27.5083854 1206.48764,26.14375 1207.32423,25.4966875 C1209.16219,24.082724 1210.36839,23.1487344 1211.21875,22.4832604 L1211.21875,29.25 L1195.78125,29.25 Z\" id=\"Shape\"><\/path>\n                                        <\/g>\n                                    <\/g>\n                                <\/svg> <a href=\"mailto:branko.canak@code-x.de\">branko.canak@code-x.de<\/a><\/div>\n                       <\/div>\n                 <\/div>\n             <\/div><\/div><\/div>\n<\/div>\n<\/div>\n<\/div>\n","protected":false},"excerpt":{"rendered":"<p>Videobeschreibung Wir haben speziell f\u00fcr Sie den Custom Post Type &#8222;Leistungen&#8220; entwickelt. In diesem Video zeigen wir Ihnen, wie Sie Leistungen einf\u00fcgen, der Reihenfolge nach sortieren und an weiteren Stellen [&hellip;]<\/p>\n","protected":false},"author":1,"featured_media":0,"parent":29625,"menu_order":0,"comment_status":"closed","ping_status":"closed","template":"","meta":{"site-sidebar-layout":"default","site-content-layout":"","ast-site-content-layout":"default","site-content-style":"default","site-sidebar-style":"default","ast-global-header-display":"","ast-banner-title-visibility":"","ast-main-header-display":"","ast-hfb-above-header-display":"","ast-hfb-below-header-display":"","ast-hfb-mobile-header-display":"","site-post-title":"","ast-breadcrumbs-content":"","ast-featured-img":"","footer-sml-layout":"","ast-disable-related-posts":"","theme-transparent-header-meta":"","adv-header-id-meta":"","stick-header-meta":"","header-above-stick-meta":"","header-main-stick-meta":"","header-below-stick-meta":"","astra-migrate-meta-layouts":"default","ast-page-background-enabled":"default","ast-page-background-meta":{"desktop":{"background-color":"var(--ast-global-color-4)","background-image":"","background-repeat":"repeat","background-position":"center center","background-size":"auto","background-attachment":"scroll","background-type":"","background-media":"","overlay-type":"","overlay-color":"","overlay-opacity":"","overlay-gradient":""},"tablet":{"background-color":"","background-image":"","background-repeat":"repeat","background-position":"center center","background-size":"auto","background-attachment":"scroll","background-type":"","background-media":"","overlay-type":"","overlay-color":"","overlay-opacity":"","overlay-gradient":""},"mobile":{"background-color":"","background-image":"","background-repeat":"repeat","background-position":"center center","background-size":"auto","background-attachment":"scroll","background-type":"","background-media":"","overlay-type":"","overlay-color":"","overlay-opacity":"","overlay-gradient":""}},"ast-content-background-meta":{"desktop":{"background-color":"var(--ast-global-color-5)","background-image":"","background-repeat":"repeat","background-position":"center center","background-size":"auto","background-attachment":"scroll","background-type":"","background-media":"","overlay-type":"","overlay-color":"","overlay-opacity":"","overlay-gradient":""},"tablet":{"background-color":"var(--ast-global-color-5)","background-image":"","background-repeat":"repeat","background-position":"center center","background-size":"auto","background-attachment":"scroll","background-type":"","background-media":"","overlay-type":"","overlay-color":"","overlay-opacity":"","overlay-gradient":""},"mobile":{"background-color":"var(--ast-global-color-5)","background-image":"","background-repeat":"repeat","background-position":"center center","background-size":"auto","background-attachment":"scroll","background-type":"","background-media":"","overlay-type":"","overlay-color":"","overlay-opacity":"","overlay-gradient":""}},"footnotes":""},"class_list":["post-29787","page","type-page","status-publish","hentry"],"yoast_head":"<!-- This site is optimized with the Yoast SEO plugin v27.5 - https:\/\/yoast.com\/product\/yoast-seo-wordpress\/ -->\n<title>2.4. CPT \u201eLeistungen\u201c - code-x GmbH<\/title>\n<meta name=\"robots\" content=\"noindex, follow, max-snippet:-1, max-image-preview:large, max-video-preview:-1\" \/>\n<meta property=\"og:locale\" content=\"de_DE\" \/>\n<meta property=\"og:type\" content=\"article\" \/>\n<meta property=\"og:title\" content=\"2.4. CPT \u201eLeistungen\u201c - code-x GmbH\" \/>\n<meta property=\"og:description\" content=\"Videobeschreibung Wir haben speziell f\u00fcr Sie den Custom Post Type &#8222;Leistungen&#8220; entwickelt. In diesem Video zeigen wir Ihnen, wie Sie Leistungen einf\u00fcgen, der Reihenfolge nach sortieren und an weiteren Stellen [&hellip;]\" \/>\n<meta property=\"og:url\" content=\"https:\/\/twin.cargoline.de\/code-x\/tutorial\/2-4-cpt-leistungen\/\" \/>\n<meta property=\"og:site_name\" content=\"code-x GmbH\" \/>\n<meta property=\"article:modified_time\" content=\"2023-02-02T10:40:33+00:00\" \/>\n<meta name=\"twitter:card\" content=\"summary_large_image\" \/>\n<meta name=\"twitter:label1\" content=\"Gesch\u00e4tzte Lesezeit\" \/>\n\t<meta name=\"twitter:data1\" content=\"2\u00a0Minuten\" \/>\n<script type=\"application\/ld+json\" class=\"yoast-schema-graph\">{\"@context\":\"https:\\\/\\\/schema.org\",\"@graph\":[{\"@type\":\"WebPage\",\"@id\":\"https:\\\/\\\/twin.cargoline.de\\\/code-x\\\/tutorial\\\/2-4-cpt-leistungen\\\/\",\"url\":\"https:\\\/\\\/twin.cargoline.de\\\/code-x\\\/tutorial\\\/2-4-cpt-leistungen\\\/\",\"name\":\"2.4. CPT \u201eLeistungen\u201c - code-x GmbH\",\"isPartOf\":{\"@id\":\"https:\\\/\\\/twin.cargoline.de\\\/code-x\\\/#website\"},\"datePublished\":\"2022-11-23T10:59:10+00:00\",\"dateModified\":\"2023-02-02T10:40:33+00:00\",\"breadcrumb\":{\"@id\":\"https:\\\/\\\/twin.cargoline.de\\\/code-x\\\/tutorial\\\/2-4-cpt-leistungen\\\/#breadcrumb\"},\"inLanguage\":\"de\",\"potentialAction\":[{\"@type\":\"ReadAction\",\"target\":[\"https:\\\/\\\/twin.cargoline.de\\\/code-x\\\/tutorial\\\/2-4-cpt-leistungen\\\/\"]}]},{\"@type\":\"BreadcrumbList\",\"@id\":\"https:\\\/\\\/twin.cargoline.de\\\/code-x\\\/tutorial\\\/2-4-cpt-leistungen\\\/#breadcrumb\",\"itemListElement\":[{\"@type\":\"ListItem\",\"position\":1,\"name\":\"Startseite\",\"item\":\"https:\\\/\\\/twin.cargoline.de\\\/code-x\\\/\"},{\"@type\":\"ListItem\",\"position\":2,\"name\":\"Tutorial \u201eCargoLine VideoHandbuch\u201c\",\"item\":\"https:\\\/\\\/twin.cargoline.de\\\/code-x\\\/tutorial\\\/\"},{\"@type\":\"ListItem\",\"position\":3,\"name\":\"2.4. CPT \u201eLeistungen\u201c\"}]},{\"@type\":\"WebSite\",\"@id\":\"https:\\\/\\\/twin.cargoline.de\\\/code-x\\\/#website\",\"url\":\"https:\\\/\\\/twin.cargoline.de\\\/code-x\\\/\",\"name\":\"code-x GmbH\",\"description\":\"code-x - Internet &amp; Marketing\",\"publisher\":{\"@id\":\"https:\\\/\\\/twin.cargoline.de\\\/code-x\\\/#organization\"},\"potentialAction\":[{\"@type\":\"SearchAction\",\"target\":{\"@type\":\"EntryPoint\",\"urlTemplate\":\"https:\\\/\\\/twin.cargoline.de\\\/code-x\\\/?s={search_term_string}\"},\"query-input\":{\"@type\":\"PropertyValueSpecification\",\"valueRequired\":true,\"valueName\":\"search_term_string\"}}],\"inLanguage\":\"de\"},{\"@type\":\"Organization\",\"@id\":\"https:\\\/\\\/twin.cargoline.de\\\/code-x\\\/#organization\",\"name\":\"code-x GmbH\",\"url\":\"https:\\\/\\\/twin.cargoline.de\\\/code-x\\\/\",\"logo\":{\"@type\":\"ImageObject\",\"inLanguage\":\"de\",\"@id\":\"https:\\\/\\\/twin.cargoline.de\\\/code-x\\\/#\\\/schema\\\/logo\\\/image\\\/\",\"url\":\"https:\\\/\\\/twin.cargoline.de\\\/code-x\\\/wp-content\\\/uploads\\\/sites\\\/40\\\/2022\\\/11\\\/53C4D66F-D979-4500-B4B1-CD82C179C86F.png\",\"contentUrl\":\"https:\\\/\\\/twin.cargoline.de\\\/code-x\\\/wp-content\\\/uploads\\\/sites\\\/40\\\/2022\\\/11\\\/53C4D66F-D979-4500-B4B1-CD82C179C86F.png\",\"width\":1388,\"height\":474,\"caption\":\"code-x GmbH\"},\"image\":{\"@id\":\"https:\\\/\\\/twin.cargoline.de\\\/code-x\\\/#\\\/schema\\\/logo\\\/image\\\/\"}}]}<\/script>\n<!-- \/ Yoast SEO plugin. -->","yoast_head_json":{"title":"2.4. CPT \u201eLeistungen\u201c - code-x GmbH","robots":{"index":"noindex","follow":"follow","max-snippet":"max-snippet:-1","max-image-preview":"max-image-preview:large","max-video-preview":"max-video-preview:-1"},"og_locale":"de_DE","og_type":"article","og_title":"2.4. CPT \u201eLeistungen\u201c - code-x GmbH","og_description":"Videobeschreibung Wir haben speziell f\u00fcr Sie den Custom Post Type &#8222;Leistungen&#8220; entwickelt. In diesem Video zeigen wir Ihnen, wie Sie Leistungen einf\u00fcgen, der Reihenfolge nach sortieren und an weiteren Stellen [&hellip;]","og_url":"https:\/\/twin.cargoline.de\/code-x\/tutorial\/2-4-cpt-leistungen\/","og_site_name":"code-x GmbH","article_modified_time":"2023-02-02T10:40:33+00:00","twitter_card":"summary_large_image","twitter_misc":{"Gesch\u00e4tzte Lesezeit":"2\u00a0Minuten"},"schema":{"@context":"https:\/\/schema.org","@graph":[{"@type":"WebPage","@id":"https:\/\/twin.cargoline.de\/code-x\/tutorial\/2-4-cpt-leistungen\/","url":"https:\/\/twin.cargoline.de\/code-x\/tutorial\/2-4-cpt-leistungen\/","name":"2.4. CPT \u201eLeistungen\u201c - code-x GmbH","isPartOf":{"@id":"https:\/\/twin.cargoline.de\/code-x\/#website"},"datePublished":"2022-11-23T10:59:10+00:00","dateModified":"2023-02-02T10:40:33+00:00","breadcrumb":{"@id":"https:\/\/twin.cargoline.de\/code-x\/tutorial\/2-4-cpt-leistungen\/#breadcrumb"},"inLanguage":"de","potentialAction":[{"@type":"ReadAction","target":["https:\/\/twin.cargoline.de\/code-x\/tutorial\/2-4-cpt-leistungen\/"]}]},{"@type":"BreadcrumbList","@id":"https:\/\/twin.cargoline.de\/code-x\/tutorial\/2-4-cpt-leistungen\/#breadcrumb","itemListElement":[{"@type":"ListItem","position":1,"name":"Startseite","item":"https:\/\/twin.cargoline.de\/code-x\/"},{"@type":"ListItem","position":2,"name":"Tutorial \u201eCargoLine VideoHandbuch\u201c","item":"https:\/\/twin.cargoline.de\/code-x\/tutorial\/"},{"@type":"ListItem","position":3,"name":"2.4. CPT \u201eLeistungen\u201c"}]},{"@type":"WebSite","@id":"https:\/\/twin.cargoline.de\/code-x\/#website","url":"https:\/\/twin.cargoline.de\/code-x\/","name":"code-x GmbH","description":"code-x - Internet &amp; Marketing","publisher":{"@id":"https:\/\/twin.cargoline.de\/code-x\/#organization"},"potentialAction":[{"@type":"SearchAction","target":{"@type":"EntryPoint","urlTemplate":"https:\/\/twin.cargoline.de\/code-x\/?s={search_term_string}"},"query-input":{"@type":"PropertyValueSpecification","valueRequired":true,"valueName":"search_term_string"}}],"inLanguage":"de"},{"@type":"Organization","@id":"https:\/\/twin.cargoline.de\/code-x\/#organization","name":"code-x GmbH","url":"https:\/\/twin.cargoline.de\/code-x\/","logo":{"@type":"ImageObject","inLanguage":"de","@id":"https:\/\/twin.cargoline.de\/code-x\/#\/schema\/logo\/image\/","url":"https:\/\/twin.cargoline.de\/code-x\/wp-content\/uploads\/sites\/40\/2022\/11\/53C4D66F-D979-4500-B4B1-CD82C179C86F.png","contentUrl":"https:\/\/twin.cargoline.de\/code-x\/wp-content\/uploads\/sites\/40\/2022\/11\/53C4D66F-D979-4500-B4B1-CD82C179C86F.png","width":1388,"height":474,"caption":"code-x GmbH"},"image":{"@id":"https:\/\/twin.cargoline.de\/code-x\/#\/schema\/logo\/image\/"}}]}},"_links":{"self":[{"href":"https:\/\/twin.cargoline.de\/code-x\/wp-json\/wp\/v2\/pages\/29787","targetHints":{"allow":["GET"]}}],"collection":[{"href":"https:\/\/twin.cargoline.de\/code-x\/wp-json\/wp\/v2\/pages"}],"about":[{"href":"https:\/\/twin.cargoline.de\/code-x\/wp-json\/wp\/v2\/types\/page"}],"author":[{"embeddable":true,"href":"https:\/\/twin.cargoline.de\/code-x\/wp-json\/wp\/v2\/users\/1"}],"replies":[{"embeddable":true,"href":"https:\/\/twin.cargoline.de\/code-x\/wp-json\/wp\/v2\/comments?post=29787"}],"version-history":[{"count":3,"href":"https:\/\/twin.cargoline.de\/code-x\/wp-json\/wp\/v2\/pages\/29787\/revisions"}],"predecessor-version":[{"id":30288,"href":"https:\/\/twin.cargoline.de\/code-x\/wp-json\/wp\/v2\/pages\/29787\/revisions\/30288"}],"up":[{"embeddable":true,"href":"https:\/\/twin.cargoline.de\/code-x\/wp-json\/wp\/v2\/pages\/29625"}],"wp:attachment":[{"href":"https:\/\/twin.cargoline.de\/code-x\/wp-json\/wp\/v2\/media?parent=29787"}],"curies":[{"name":"wp","href":"https:\/\/api.w.org\/{rel}","templated":true}]}}